{"id":85,"date":"2024-04-17T04:52:01","date_gmt":"2024-04-17T04:52:01","guid":{"rendered":"https:\/\/www.elenconarede.com.br\/v1\/?page_id=85"},"modified":"2024-04-20T12:00:08","modified_gmt":"2024-04-20T12:00:08","slug":"producoes","status":"publish","type":"page","link":"https:\/\/www.elenconarede.com.br\/v1\/producoes\/","title":{"rendered":"produ\u00e7\u00f5es"},"content":{"rendered":"<section class=\"wpb-content-wrapper\"><p>[vc_row full_screen_section_height=&#8221;no&#8221;][vc_column][vc_empty_space height=&#8221;120px&#8221;][\/vc_column][\/vc_row][vc_row full_screen_section_height=&#8221;no&#8221;][vc_column][vc_column_text]<\/p>\n<p style=\"text-align: justify;\"><span style=\"font-family: arial, helvetica, sans-serif; font-size: 14pt; color: #ffffff;\"><strong>FILMES:<\/strong><\/span><\/p>\n<p style=\"text-align: justify;\"><span style=\"font-weight: 400; font-family: arial, helvetica, sans-serif; font-size: 14pt; color: #ffffff;\">Mussum, O Filmis \u2013 Dire\u00e7\u00e3o: Silvio Guindane \u2013 Produ\u00e7\u00e3o: Camisa Listrada e Globo Filmes<\/span><\/p>\n<p style=\"text-align: justify;\"><span style=\"font-weight: 400; font-family: arial, helvetica, sans-serif; font-size: 14pt; color: #ffffff;\">O Sequestro do Voo 375 \u2013 Dire\u00e7\u00e3o: Marcus Baldini \u2013 Produ\u00e7\u00e3o: Escarlate e Star+<\/span><\/p>\n<p style=\"text-align: justify;\"><span style=\"font-weight: 400; font-family: arial, helvetica, sans-serif; font-size: 14pt; color: #ffffff;\">Dois \u00c9 Demais em Orlando \u2013 Dire\u00e7\u00e3o: Rodrigo Van Der Put \u2013 Produ\u00e7\u00e3o: MPC Filmes e Globo Filmes<\/span><\/p>\n<p style=\"text-align: justify;\"><span style=\"font-weight: 400; font-family: arial, helvetica, sans-serif; font-size: 14pt; color: #ffffff;\">N\u00e3o Tem Volta \u2013 Dire\u00e7\u00e3o: C\u00e9sar Rodrigues \u2013 Produ\u00e7\u00e3o: Conspira\u00e7\u00e3o Filmes e Star+<\/span><\/p>\n<p style=\"text-align: justify;\"><span style=\"font-weight: 400; font-family: arial, helvetica, sans-serif; font-size: 14pt; color: #ffffff;\">Meu Cunhado \u00e9 Um Vampiro \u2013 Dire\u00e7\u00e3o: Ale McHaddo \u2013 Produ\u00e7\u00e3o: Camisa Listrada e Netflix<\/span><\/p>\n<p style=\"text-align: justify;\"><span style=\"font-weight: 400; font-family: arial, helvetica, sans-serif; font-size: 14pt; color: #ffffff;\">T\u00f4 de Gra\u00e7a &#8211; O Filme \u2013 Dire\u00e7\u00e3o: C\u00e9sar Rodrigues \u2013 Produ\u00e7\u00e3o: Conspira\u00e7\u00e3o Filmes e Globo Filmes<\/span><\/p>\n<p style=\"text-align: justify;\"><span style=\"font-weight: 400; font-family: arial, helvetica, sans-serif; font-size: 14pt; color: #ffffff;\">Um Lobo Entre Cisnes (Em p\u00f3s produ\u00e7\u00e3o) \u2013 Dire\u00e7\u00e3o: Marcos Schechtman e Helena Varvaki \u2013 Produ\u00e7\u00e3o: TV Zero<\/span><\/p>\n<p style=\"text-align: justify;\"><span style=\"font-weight: 400; font-family: arial, helvetica, sans-serif; font-size: 14pt; color: #ffffff;\">Dona Vit\u00f3ria (Em p\u00f3s produ\u00e7\u00e3o) \u2013 Dire\u00e7\u00e3o: Breno Silveira e Andrucha Waddington \u2013 Produ\u00e7\u00e3o: Conspira\u00e7\u00e3o Fimes e Globoplay<\/span><\/p>\n<p style=\"text-align: justify;\"><span style=\"font-weight: 400; font-family: arial, helvetica, sans-serif; font-size: 14pt; color: #ffffff;\">Viva a Vida (Em p\u00f3s produ\u00e7\u00e3o) \u2013 Dire\u00e7\u00e3o: Cris D\u2019Amato \u2013 Produ\u00e7\u00e3o: Anan\u00e3 Produ\u00e7\u00f5es<\/span><\/p>\n<p style=\"text-align: justify;\"><span style=\"font-weight: 400; font-family: arial, helvetica, sans-serif; font-size: 14pt; color: #ffffff;\">C\u00e2ncer com Ascendente em Virgem (Em p\u00f3s produ\u00e7\u00e3o) \u2013 Dire\u00e7\u00e3o: Rosane Svartman Produ\u00e7\u00e3o: Raccord Produ\u00e7\u00f5es<\/span><\/p>\n<p style=\"text-align: justify;\"><span style=\"font-weight: 400; font-family: arial, helvetica, sans-serif; font-size: 14pt; color: #ffffff;\">Perfeitos Desconhecidos (Em p\u00f3s produ\u00e7\u00e3o) \u2013 Dire\u00e7\u00e3o: Julia Jord\u00e3o \u2013 Produ\u00e7\u00e3o: Arpoador Audiovisual<\/span><\/p>\n<p style=\"text-align: justify;\"><span style=\"font-weight: 400; font-family: arial, helvetica, sans-serif; font-size: 14pt; color: #ffffff;\">Precisamos Falar Sobre Nossos Filhos (Em p\u00f3s produ\u00e7\u00e3o) \u2013 Dire\u00e7\u00e3o: Rebeca Diniz e Pedro Waddington \u2013 Produ\u00e7\u00e3o: Conspira\u00e7\u00e3o Filmes<\/span><\/p>\n<p style=\"text-align: justify;\"><span style=\"font-weight: 400; font-family: arial, helvetica, sans-serif; font-size: 14pt; color: #ffffff;\">M\u00e3e Fora da Caixa (Em p\u00f3s produ\u00e7\u00e3o) \u2013 Dire\u00e7\u00e3o: Manuh Fontes \u2013 Produ\u00e7\u00e3o: Morena Filmes e Galeria Distribuidora<\/span><\/p>\n<p style=\"text-align: justify;\"><span style=\"font-weight: 400; font-family: arial, helvetica, sans-serif; font-size: 14pt; color: #ffffff;\">Querido Mundo (Em p\u00f3s produ\u00e7\u00e3o) \u2013 Dire\u00e7\u00e3o: Miguel Falabella \u2013 Produ\u00e7\u00e3o: Anana Filmes.<\/span><\/p>\n<p style=\"text-align: justify;\"><span style=\"font-family: arial, helvetica, sans-serif; font-size: 14pt; color: #ffffff;\"><strong><br \/>\nS\u00c9RIES<\/strong><\/span><\/p>\n<p style=\"text-align: justify;\"><span style=\"font-weight: 400; font-family: arial, helvetica, sans-serif; font-size: 14pt; color: #ffffff;\">Betinho: No Fio da Navalha \u2013 Dire\u00e7\u00e3o: Andr\u00e9 Felipe Binder e J\u00falio Andrade \u2013 Produ\u00e7\u00e3o: AfroReggae e Globoplay<\/span><\/p>\n<p style=\"text-align: justify;\"><span style=\"font-weight: 400; font-family: arial, helvetica, sans-serif; font-size: 14pt; color: #ffffff;\">Matches 2\u00ba e 3\u00ba Temporadas \u2013 Dire\u00e7\u00e3o: Anita Barbosa e Manuh Fontes \u2013 Produ\u00e7\u00e3o: Migdal Filmes e Warner<\/span><\/p>\n<p style=\"text-align: justify;\"><span style=\"font-weight: 400; font-family: arial, helvetica, sans-serif; font-size: 14pt; color: #ffffff;\">Acampamento de Magia para Jovens Bruxos \u2013 Dire\u00e7\u00e3o Art\u00edstica: Mini Kerti \u2013 Dire\u00e7\u00e3o: Mini Kerti e Fernanda de Novaes \u2013 Produ\u00e7\u00e3o: Conspira\u00e7\u00e3o Filmes e Gloob<\/span><\/p>\n<p style=\"text-align: justify;\"><span style=\"font-weight: 400; font-family: arial, helvetica, sans-serif; font-size: 14pt; color: #ffffff;\">Buzum \u2013 Dire\u00e7\u00e3o: Roberto Berlini e Vitor Leite \u2013 Produ\u00e7\u00e3o: TV Zero e TNT<\/span><\/p>\n<p style=\"text-align: justify;\"><span style=\"font-weight: 400; font-family: arial, helvetica, sans-serif; font-size: 14pt; color: #ffffff;\">M\u00e1scaras de Oxig\u00eanio (N\u00e3o) Cair\u00e3o Automaticamente (Em p\u00f3s produ\u00e7\u00e3o) \u2013 Dire\u00e7\u00e3o Art\u00edstica: Marcelo Gomes \u2013 Dire\u00e7\u00e3o: Marcelo Gomes e Carol Minem \u2013 Produ\u00e7\u00e3o Morena Filmes e MAX.<\/span><\/p>\n<p style=\"text-align: justify;\"><span style=\"font-weight: 400; font-family: arial, helvetica, sans-serif; font-size: 14pt; color: #ffffff;\">Um Dia Qualquer \u2013 2\u00ba Temporada (Em p\u00f3s produ\u00e7\u00e3o) \u2013 Dire\u00e7\u00e3o: Pedro Von Kruger \u2013 Produ\u00e7\u00e3o: Com Dom\u00ednio Filmes e MAX.<\/span><\/p>\n<p style=\"text-align: justify;\"><span style=\"font-weight: 400; font-family: arial, helvetica, sans-serif; font-size: 14pt; color: #ffffff;\">Rensga Hits! 2\u00ba e 3\u00ba Temporadas (Em p\u00f3s produ\u00e7\u00e3o) \u2013 Dire\u00e7\u00e3o: Carol Dur\u00e3o e Natalia Warth \u2013 Glaz Entretenimento e Globoplay<\/span><\/p>\n<p style=\"text-align: justify;\"><span style=\"font-weight: 400; font-family: arial, helvetica, sans-serif; font-size: 14pt; color: #ffffff;\">D.P.A. \u2013 21\u00ba e 22\u00ba Temporadas (filmando) \u2013 Fernanda Novaes e Gabriel Edel \u2013 Produ\u00e7\u00e3o: Conspira\u00e7\u00e3o Filmes e Gloob<\/span><\/p>\n<p>&nbsp;<\/p>\n<p><span style=\"color: #ffffff; font-family: arial, helvetica, sans-serif; font-size: 14pt;\"><strong>NOVELA<\/strong><\/span><\/p>\n<p style=\"text-align: justify;\"><span style=\"font-weight: 400; color: #ffffff; font-family: arial, helvetica, sans-serif; font-size: 14pt;\">A Caverna Encantada \u2013 Dire\u00e7\u00e3o: Rica Montoanelli &#8211; SBT<\/span><\/p>\n<p style=\"text-align: justify;\"><span style=\"font-weight: 400; font-family: arial, helvetica, sans-serif; font-size: 14pt; color: #ffffff;\">\u00a0<\/span><\/p>\n<p>[\/vc_column_text][\/vc_column][\/vc_row][vc_row full_screen_section_height=&#8221;no&#8221;][vc_column][vc_empty_space height=&#8221;52px&#8221;][\/vc_column][\/vc_row]<\/p>\n<\/section>","protected":false},"excerpt":{"rendered":"<p>[vc_row full_screen_section_height=&#8221;no&#8221;][vc_column][vc_empty_space height=&#8221;120px&#8221;][\/vc_column][\/vc_row][vc_row full_screen_section_height=&#8221;no&#8221;][vc_column][vc_column_text] FILMES: Mussum, O Filmis \u2013 Dire\u00e7\u00e3o: Silvio Guindane \u2013 Produ\u00e7\u00e3o: Camisa Listrada e Globo Filmes O Sequestro do Voo 375 \u2013 Dire\u00e7\u00e3o: Marcus Baldini \u2013 Produ\u00e7\u00e3o: Escarlate e Star+ Dois \u00c9 Demais em Orlando \u2013 Dire\u00e7\u00e3o: Rodrigo Van Der Put \u2013&#8230;<\/p>\n","protected":false},"author":1,"featured_media":0,"parent":0,"menu_order":0,"comment_status":"closed","ping_status":"closed","template":"","meta":{"footnotes":""},"_links":{"self":[{"href":"https:\/\/www.elenconarede.com.br\/v1\/wp-json\/wp\/v2\/pages\/85"}],"collection":[{"href":"https:\/\/www.elenconarede.com.br\/v1\/wp-json\/wp\/v2\/pages"}],"about":[{"href":"https:\/\/www.elenconarede.com.br\/v1\/wp-json\/wp\/v2\/types\/page"}],"author":[{"embeddable":true,"href":"https:\/\/www.elenconarede.com.br\/v1\/wp-json\/wp\/v2\/users\/1"}],"replies":[{"embeddable":true,"href":"https:\/\/www.elenconarede.com.br\/v1\/wp-json\/wp\/v2\/comments?post=85"}],"version-history":[{"count":22,"href":"https:\/\/www.elenconarede.com.br\/v1\/wp-json\/wp\/v2\/pages\/85\/revisions"}],"predecessor-version":[{"id":110,"href":"https:\/\/www.elenconarede.com.br\/v1\/wp-json\/wp\/v2\/pages\/85\/revisions\/110"}],"wp:attachment":[{"href":"https:\/\/www.elenconarede.com.br\/v1\/wp-json\/wp\/v2\/media?parent=85"}],"curies":[{"name":"wp","href":"https:\/\/api.w.org\/{rel}","templated":true}]}}