{"id":83,"date":"2024-04-17T04:51:09","date_gmt":"2024-04-17T04:51:09","guid":{"rendered":"https:\/\/www.elenconarede.com.br\/v1\/?page_id=83"},"modified":"2024-04-24T19:45:16","modified_gmt":"2024-04-24T19:45:16","slug":"quem_somos","status":"publish","type":"page","link":"https:\/\/www.elenconarede.com.br\/v1\/quem_somos\/","title":{"rendered":"Quem somos"},"content":{"rendered":"<section class=\"wpb-content-wrapper\"><p>[vc_row full_screen_section_height=&#8221;no&#8221;][vc_column][vc_empty_space height=&#8221;120px&#8221;][\/vc_column][\/vc_row][vc_row full_screen_section_height=&#8221;no&#8221;][vc_column width=&#8221;1\/4&#8243;][vc_empty_space height=&#8221;15&#8243;][vc_single_image image=&#8221;109&#8243; img_size=&#8221;200&#215;300&#8243;][\/vc_column][vc_column width=&#8221;3\/4&#8243;][vc_column_text]<\/p>\n<p style=\"text-align: justify;\"><span style=\"color: #ffffff; font-family: arial, helvetica, sans-serif; font-size: 14pt;\">Cibele Santa Cruz \u00e9 formada em Artes C\u00eanicas pela faculdade CAL. Com mais de 30 anos de experi\u00eancia no audiovisual, assina a dire\u00e7\u00e3o de elenco em uma centena de filmes e dezenas de s\u00e9ries.<br \/>\nAo longo de sua carreira, trabalhou com diretores renomados como Andrucha Waddington, Rosane Svartman, Cris D\u2019Amato, Breno Silveira, Marcelo Gomes, Silvio Guindane, L\u00e1zaro Ramos, Julio Andrade, Andr\u00e9 Felipe Binder, Mini Kerti, Miguel Falabella, Claudio Torres, Tizuka Yamasaki, Rog\u00e9rio Gomes, Jos\u00e9 Alvarenga Jr, Juarez Preciso, Jo\u00e3o Falc\u00e3o, Bruno Garotti, Anita Barbosa, Rudi Lagemann, Tatiana Delamare, Gualter Pupo, Roberto Santucci, Isabella Teixeira, Fernanda Novaes, Gabriel Edel, Andr\u00e9 Pellenz, F\u00e1bio Barreto, Arnaldo Jabor, Jos\u00e9 Henrique Fonseca, Daniel Filho, Hsu Chien, Cesar Rodrigues, Pedro Antonio, Deborah Colker e Jo\u00e3o Fonseca, entre outros.<\/span><\/p>\n<p style=\"text-align: justify;\"><span style=\"color: #ffffff; font-family: arial, helvetica, sans-serif; font-size: 14pt;\">Na dire\u00e7\u00e3o de elenco, realizou obras marcantes no mercado. Entre os filmes, destacam-se \u201cMedida Provis\u00f3ria\u201d, \u201cPluft O Fantasminha\u201d, \u201cGonzaga De Pai Pr\u00e1 Filho\u201d, \u201cDetetives Do Pr\u00e9dio Azul\u201d, \u201cVeneza\u201d, \u201cSOS Mulheres ao Mar 1 e 2\u201d. \u201cEsposa de Aluguel\u201d, \u201cConfiss\u00f5es de Uma Garota\u201d, \u201cQuem Vai Ficar com M\u00e1rio\u201d, \u201cCarnaval\u201d , \u201cTudo Por Um Pop Star\u201d, \u201cCinderela Pop\u201d, \u201cAmor.Com\u201d e \u201cA Mulher Invis\u00edvel\u201d. Entre as s\u00e9ries de maior sucesso est\u00e3o \u201cFim\u201d, \u201cSob Press\u00e3o\u201d, \u201cDom\u201d, \u201cT\u00f4 De Gra\u00e7a\u201d, \u201cUm Contra Todos\u201d e \u201cDetetives Do Pr\u00e9dio\u201d, \u201cEntre Irm\u00e3s\u201d, \u201cOs Homens S\u00e3o de Marte\u201d, \u201cValentins\u201d, \u201cGaby Estrella\u201d, \u201cConselho Tutelar\u201d. No teatro musical, alguns dos seus principais espet\u00e1culos s\u00e3o \u201cCazuza \u2013 Pro Dia Nascer Feliz O Musical, O Musical\u201d, \u201cC\u00e1ssia Eller, O Musical\u201d, \u201cO Fren\u00e9tico Dancin Days\u201d.<\/span><\/p>\n<p style=\"text-align: justify;\"><span style=\"color: #ffffff; font-family: arial, helvetica, sans-serif; font-size: 14pt;\">Foi Preparadora de Elenco nos filmes \u201cSe Puder Dirija\u201d, \u201cGonzaga de Pai Pr\u00e1 Filho\u201d, \u201cEntre Irm\u00e3s\u201d e na s\u00e9rie \u201cUm Contra Todos\u201d.<\/span><\/p>\n<p style=\"text-align: justify;\"><span style=\"font-family: arial, helvetica, sans-serif; font-size: 14pt; color: #ffffff;\">O curta metragem \u201cO Homem da Raia do Canto\u201d foi a primeira dire\u00e7\u00e3o da Cibele no audiovisual, onde tamb\u00e9m foi roteirista junto com o Leonardo Marona e Paula Horta. O Curta participou de v\u00e1rios festivais Nacionais e Internacionais. Destacam-se os pr\u00eamios: FEMALE Feedback Film Festival \u2013 Toronto\/Canad\u00e1 (Melhor Elenco e Melhor Dire\u00e7\u00e3o de Fotografia (Felipe Reinheimer); 3\u00ba FESTCINE Po\u00e7os de Caldas \u2013 Brasil (Melhor Filme e Melhor Dire\u00e7\u00e3o); CREASPORT Festival \u2013 Lorca\/It\u00e1lia (Melhor Roteiro (Cibele Santa Cruz Leonardo Marona e Paula Horta), Melhor Trilha (Pl\u00ednio Profeta) e Melhor Ator (Cadu F\u00e1vero).<\/span><\/p>\n<p style=\"text-align: justify;\"><span style=\"font-family: arial, helvetica, sans-serif; font-size: 14pt; color: #ffffff;\">No teatro dirigiu, junto com a Paula Horta, o espet\u00e1culo \u201cO Baile Do Menino Deus\u201d de Ronaldo Correia de Brito e Francisco Assis Lima, que concorreu a tr\u00eas categorias no pr\u00eamio Zilka Sallaberry de Teatro Infantil, vencendo a categoria de Melhor. Ainda no Teatro dirigiu o show \u201cEncontros Imposs\u00edveis\u201d com Z\u00e9u Britto e Baia, e o show \u201cZ\u00e9u Briito Sem Concerto\u201d.<\/span><\/p>\n<p>[\/vc_column_text][\/vc_column][\/vc_row][vc_row full_screen_section_height=&#8221;no&#8221;][vc_column][vc_empty_space height=&#8221;62px&#8221;][\/vc_column][\/vc_row][vc_row full_screen_section_height=&#8221;no&#8221;][vc_column width=&#8221;1\/4&#8243;][vc_empty_space height=&#8221;15&#8243;][vc_single_image image=&#8221;108&#8243; img_size=&#8221;200&#215;300&#8243;][\/vc_column][vc_column width=&#8221;3\/4&#8243;][vc_column_text]<\/p>\n<p style=\"text-align: justify;\"><span style=\"color: #ffffff; font-family: arial, helvetica, sans-serif; font-size: 14pt;\"><span style=\"font-weight: 400;\">Junior Prado \u00e9 formado em Artes C\u00eanicas pela Faculdade de Artes do Paran\u00e1. Foi professor de teatro pelo SESI Curitiba.<br \/>\n<\/span>Trabalha no audiovisual h\u00e1 mais de 10 anos, iniciando a carreira como Assistente de Dire\u00e7\u00e3o de Elenco da Cibele Santa Cruz.<\/span><br \/>\n<span style=\"color: #ffffff; font-family: arial, helvetica, sans-serif; font-size: 14pt;\">Em 2021 come\u00e7ou a assinar como diretor de elenco, produzindo mais de 20 obras, entre elas, filmes, s\u00e9ries e novelas, em parceria com a Cibele Santa Cruz.<\/span><\/p>\n<p>[\/vc_column_text][\/vc_column][\/vc_row]<\/p>\n<\/section>","protected":false},"excerpt":{"rendered":"<p>[vc_row full_screen_section_height=&#8221;no&#8221;][vc_column][vc_empty_space height=&#8221;120px&#8221;][\/vc_column][\/vc_row][vc_row full_screen_section_height=&#8221;no&#8221;][vc_column width=&#8221;1\/4&#8243;][vc_empty_space height=&#8221;15&#8243;][vc_single_image image=&#8221;109&#8243; img_size=&#8221;200&#215;300&#8243;][\/vc_column][vc_column width=&#8221;3\/4&#8243;][vc_column_text] Cibele Santa Cruz \u00e9 formada em Artes C\u00eanicas pela faculdade CAL. Com mais de 30 anos de experi\u00eancia no audiovisual, assina a dire\u00e7\u00e3o de elenco em uma centena de filmes e dezenas de s\u00e9ries. Ao longo&#8230;<\/p>\n","protected":false},"author":1,"featured_media":0,"parent":0,"menu_order":0,"comment_status":"closed","ping_status":"closed","template":"","meta":{"footnotes":""},"_links":{"self":[{"href":"https:\/\/www.elenconarede.com.br\/v1\/wp-json\/wp\/v2\/pages\/83"}],"collection":[{"href":"https:\/\/www.elenconarede.com.br\/v1\/wp-json\/wp\/v2\/pages"}],"about":[{"href":"https:\/\/www.elenconarede.com.br\/v1\/wp-json\/wp\/v2\/types\/page"}],"author":[{"embeddable":true,"href":"https:\/\/www.elenconarede.com.br\/v1\/wp-json\/wp\/v2\/users\/1"}],"replies":[{"embeddable":true,"href":"https:\/\/www.elenconarede.com.br\/v1\/wp-json\/wp\/v2\/comments?post=83"}],"version-history":[{"count":35,"href":"https:\/\/www.elenconarede.com.br\/v1\/wp-json\/wp\/v2\/pages\/83\/revisions"}],"predecessor-version":[{"id":212,"href":"https:\/\/www.elenconarede.com.br\/v1\/wp-json\/wp\/v2\/pages\/83\/revisions\/212"}],"wp:attachment":[{"href":"https:\/\/www.elenconarede.com.br\/v1\/wp-json\/wp\/v2\/media?parent=83"}],"curies":[{"name":"wp","href":"https:\/\/api.w.org\/{rel}","templated":true}]}}