{"id":78,"date":"2024-04-17T04:47:43","date_gmt":"2024-04-17T04:47:43","guid":{"rendered":"https:\/\/www.elenconarede.com.br\/v1\/?page_id=78"},"modified":"2024-04-19T10:02:44","modified_gmt":"2024-04-19T10:02:44","slug":"home","status":"publish","type":"page","link":"https:\/\/www.elenconarede.com.br\/v1\/","title":{"rendered":"Home"},"content":{"rendered":"<section class=\"wpb-content-wrapper\"><p>[vc_row full_screen_section_height=&#8221;no&#8221;][vc_column][vc_empty_space height=&#8221;120px&#8221;][\/vc_column][\/vc_row][vc_row full_screen_section_height=&#8221;no&#8221;][vc_column][vc_column_text]<\/p>\n<p style=\"text-align: justify;\"><span style=\"color: #ffffff; font-family: arial, helvetica, sans-serif; font-size: 14pt;\">A Elenco na Rede atua no mercado Audiovisual e Teatral prestando servi\u00e7os na \u00e1rea da Dire\u00e7\u00e3o de Elenco, atrav\u00e9s da parceria profissional dos diretores de elenco Cibele Santa Cruz e Junior Prado. Em 2021, Cibele e Junior come\u00e7aram a assinar juntos alguns projetos como Diretores de Elenco que tiveram excel\u00eancia nos resultados, e desde ent\u00e3o, essa parceria se firmou no mercado.<br \/>\nApresentam agora, o novo cadastro da Elenco na Rede, reformulado, onde os talentos podem colocar o seu material que ser\u00e1 acessado pelos dois diretores de elenco, assistentes e parceiros.<br \/>\nO Cadastro na Elenco na Rede \u00e9 totalmente gratuito e n\u00e3o se prop\u00f5e a ser uma plataforma de presta\u00e7\u00e3o de servi\u00e7os.<\/span><\/p>\n<p><span style=\"color: #000000; font-family: arial, helvetica, sans-serif; font-size: 14pt;\"><span style=\"color: #ffffff;\">Para fazer o cadastro ou atualiz\u00e1-lo,<\/span> <a style=\"color: #000000;\" href=\"https:\/\/elenconarede.com.br\/app\/logar\/\" target=\"_blank\" rel=\"noopener\">clique aqui.<\/a><\/span>[\/vc_column_text][\/vc_column][\/vc_row][vc_row full_screen_section_height=&#8221;no&#8221;][vc_column][vc_empty_space height=&#8221;50px&#8221;][\/vc_column][\/vc_row][vc_row full_screen_section_height=&#8221;no&#8221;][vc_column width=&#8221;1\/5&#8243;][\/vc_column][vc_column width=&#8221;1\/5&#8243;][vc_column_text]<\/p>\n<h5 style=\"text-align: center;\"><span style=\"color: #ffffff; font-family: arial, helvetica, sans-serif; font-size: 8pt;\">CIBELE SANTA CRUZ<\/span><\/h5>\n<p>[\/vc_column_text][vc_single_image image=&#8221;143&#8243; img_size=&#8221;60X30&#8243; alignment=&#8221;center&#8221; onclick=&#8221;custom_link&#8221; img_link_target=&#8221;_blank&#8221; link=&#8221;https:\/\/www.imdb.com\/name\/nm0763127&#8243;][\/vc_column][vc_column width=&#8221;1\/5&#8243;][vc_empty_space][\/vc_column][vc_column width=&#8221;1\/5&#8243;][vc_column_text]<\/p>\n<h5 style=\"text-align: center;\"><span style=\"color: #ffffff; font-family: arial, helvetica, sans-serif; font-size: 8pt;\">JUNIOR PRADO<\/span><\/h5>\n<p>[\/vc_column_text][vc_single_image image=&#8221;143&#8243; img_size=&#8221;60X30&#8243; alignment=&#8221;center&#8221; onclick=&#8221;custom_link&#8221; img_link_target=&#8221;_blank&#8221; link=&#8221;https:\/\/www.imdb.com\/name\/nm15571183\/&#8221;][\/vc_column][vc_column width=&#8221;1\/5&#8243;][\/vc_column][\/vc_row][vc_row full_screen_section_height=&#8221;no&#8221;][vc_column][vc_empty_space height=&#8221;280px&#8221;][\/vc_column][\/vc_row]<\/p>\n<\/section>","protected":false},"excerpt":{"rendered":"<p>[vc_row full_screen_section_height=&#8221;no&#8221;][vc_column][vc_empty_space height=&#8221;120px&#8221;][\/vc_column][\/vc_row][vc_row full_screen_section_height=&#8221;no&#8221;][vc_column][vc_column_text] A Elenco na Rede atua no mercado Audiovisual e Teatral prestando servi\u00e7os na \u00e1rea da Dire\u00e7\u00e3o de Elenco, atrav\u00e9s da parceria profissional dos diretores de elenco Cibele Santa Cruz e Junior Prado. Em 2021, Cibele e Junior come\u00e7aram a assinar juntos&#8230;<\/p>\n","protected":false},"author":1,"featured_media":0,"parent":0,"menu_order":0,"comment_status":"closed","ping_status":"closed","template":"","meta":{"footnotes":""},"_links":{"self":[{"href":"https:\/\/www.elenconarede.com.br\/v1\/wp-json\/wp\/v2\/pages\/78"}],"collection":[{"href":"https:\/\/www.elenconarede.com.br\/v1\/wp-json\/wp\/v2\/pages"}],"about":[{"href":"https:\/\/www.elenconarede.com.br\/v1\/wp-json\/wp\/v2\/types\/page"}],"author":[{"embeddable":true,"href":"https:\/\/www.elenconarede.com.br\/v1\/wp-json\/wp\/v2\/users\/1"}],"replies":[{"embeddable":true,"href":"https:\/\/www.elenconarede.com.br\/v1\/wp-json\/wp\/v2\/comments?post=78"}],"version-history":[{"count":40,"href":"https:\/\/www.elenconarede.com.br\/v1\/wp-json\/wp\/v2\/pages\/78\/revisions"}],"predecessor-version":[{"id":198,"href":"https:\/\/www.elenconarede.com.br\/v1\/wp-json\/wp\/v2\/pages\/78\/revisions\/198"}],"wp:attachment":[{"href":"https:\/\/www.elenconarede.com.br\/v1\/wp-json\/wp\/v2\/media?parent=78"}],"curies":[{"name":"wp","href":"https:\/\/api.w.org\/{rel}","templated":true}]}}